{"id":626134,"date":"2024-03-21T15:48:53","date_gmt":"2024-03-21T14:48:53","guid":{"rendered":"https:\/\/staging.sophiepeirano.com\/?page_id=626134"},"modified":"2025-12-08T15:40:34","modified_gmt":"2025-12-08T14:40:34","slug":"nos-honoraires","status":"publish","type":"page","link":"https:\/\/sophiepeirano.com\/fr\/nos-honoraires\/","title":{"rendered":"Nos honoraires"},"content":{"rendered":"\t\t<div data-elementor-type=\"wp-page\" data-elementor-id=\"626134\" class=\"elementor elementor-626134\" data-elementor-post-type=\"page\">\n\t\t\t\t<div class=\"elementor-element elementor-element-dad9121 e-flex e-con-boxed e-con e-parent\" data-id=\"dad9121\" data-element_type=\"container\">\n\t\t\t\t\t<div class=\"e-con-inner\">\n\t\t\t\t<div class=\"elementor-element elementor-element-35be79d elementor-widget elementor-widget-heading\" data-id=\"35be79d\" data-element_type=\"widget\" data-widget_type=\"heading.default\">\n\t\t\t\t<div class=\"elementor-widget-container\">\n\t\t\t\t\t<h1 class=\"elementor-heading-title elementor-size-default\">Nos honoraires<\/h1>\t\t\t\t<\/div>\n\t\t\t\t<\/div>\n\t\t\t\t<div class=\"elementor-element elementor-element-6c503e5 elementor-widget-divider--view-line elementor-widget elementor-widget-global elementor-global-627048 elementor-widget-divider\" data-id=\"6c503e5\" data-element_type=\"widget\" data-widget_type=\"divider.default\">\n\t\t\t\t<div class=\"elementor-widget-container\">\n\t\t\t\t\t\t\t<div class=\"elementor-divider\">\n\t\t\t<span class=\"elementor-divider-separator\">\n\t\t\t\t\t\t<\/span>\n\t\t<\/div>\n\t\t\t\t\t\t<\/div>\n\t\t\t\t<\/div>\n\t\t\t\t<div class=\"elementor-element elementor-element-d04f852 elementor-widget elementor-widget-heading\" data-id=\"d04f852\" data-element_type=\"widget\" data-widget_type=\"heading.default\">\n\t\t\t\t<div class=\"elementor-widget-container\">\n\t\t\t\t\t<div class=\"elementor-heading-title elementor-size-default\">APPLICABLES AUX VENTES<\/div>\t\t\t\t<\/div>\n\t\t\t\t<\/div>\n\t\t<div class=\"elementor-element elementor-element-7e53567 e-grid e-con-full e-con e-child\" data-id=\"7e53567\" data-element_type=\"container\">\n\t\t\t\t<div class=\"elementor-element elementor-element-571bcf3 elementor-widget elementor-widget-heading\" data-id=\"571bcf3\" data-element_type=\"widget\" data-widget_type=\"heading.default\">\n\t\t\t\t<div class=\"elementor-widget-container\">\n\t\t\t\t\t<div class=\"elementor-heading-title elementor-size-default\">Type de biens<\/div>\t\t\t\t<\/div>\n\t\t\t\t<\/div>\n\t\t\t\t<div class=\"elementor-element elementor-element-6c9dadc elementor-widget elementor-widget-heading\" data-id=\"6c9dadc\" data-element_type=\"widget\" data-widget_type=\"heading.default\">\n\t\t\t\t<div class=\"elementor-widget-container\">\n\t\t\t\t\t<div class=\"elementor-heading-title elementor-size-default\">Honoraires<\/div>\t\t\t\t<\/div>\n\t\t\t\t<\/div>\n\t\t\t\t<div class=\"elementor-element elementor-element-0f0fd5a elementor-widget elementor-widget-heading\" data-id=\"0f0fd5a\" data-element_type=\"widget\" data-widget_type=\"heading.default\">\n\t\t\t\t<div class=\"elementor-widget-container\">\n\t\t\t\t\t<div class=\"elementor-heading-title elementor-size-default\">Maisons et appartements<\/div>\t\t\t\t<\/div>\n\t\t\t\t<\/div>\n\t\t\t\t<div class=\"elementor-element elementor-element-5a5828a elementor-widget elementor-widget-heading\" data-id=\"5a5828a\" data-element_type=\"widget\" data-widget_type=\"heading.default\">\n\t\t\t\t<div class=\"elementor-widget-container\">\n\t\t\t\t\t<div class=\"elementor-heading-title elementor-size-default\">6%TTC<\/div>\t\t\t\t<\/div>\n\t\t\t\t<\/div>\n\t\t\t\t<div class=\"elementor-element elementor-element-6e78df7 elementor-widget elementor-widget-heading\" data-id=\"6e78df7\" data-element_type=\"widget\" data-widget_type=\"heading.default\">\n\t\t\t\t<div class=\"elementor-widget-container\">\n\t\t\t\t\t<div class=\"elementor-heading-title elementor-size-default\">Terrains<\/div>\t\t\t\t<\/div>\n\t\t\t\t<\/div>\n\t\t\t\t<div class=\"elementor-element elementor-element-93054ba elementor-widget elementor-widget-heading\" data-id=\"93054ba\" data-element_type=\"widget\" data-widget_type=\"heading.default\">\n\t\t\t\t<div class=\"elementor-widget-container\">\n\t\t\t\t\t<div class=\"elementor-heading-title elementor-size-default\">8%TTC<\/div>\t\t\t\t<\/div>\n\t\t\t\t<\/div>\n\t\t\t\t<\/div>\n\t\t\t\t<div class=\"elementor-element elementor-element-bdff20a elementor-widget elementor-widget-text-editor\" data-id=\"bdff20a\" data-element_type=\"widget\" data-widget_type=\"text-editor.default\">\n\t\t\t\t<div class=\"elementor-widget-container\">\n\t\t\t\t\t\t\t\t\t<p>Les honoraires repr\u00e9sentent les pourcentages maximums applicables \u00e0 nos prestations. Les honoraires sont \u00e0 la charge du vendeur ou de l\u2019acqu\u00e9reur selon les termes du mandat confi\u00e9 \u00e0 l\u2019agence et incluent la TVA \u00e0 20%<\/p>\t\t\t\t\t\t\t\t<\/div>\n\t\t\t\t<\/div>\n\t\t\t\t<div class=\"elementor-element elementor-element-ef9c435 elementor-widget-divider--view-line elementor-widget elementor-widget-global elementor-global-627048 elementor-widget-divider\" data-id=\"ef9c435\" data-element_type=\"widget\" data-widget_type=\"divider.default\">\n\t\t\t\t<div class=\"elementor-widget-container\">\n\t\t\t\t\t\t\t<div class=\"elementor-divider\">\n\t\t\t<span class=\"elementor-divider-separator\">\n\t\t\t\t\t\t<\/span>\n\t\t<\/div>\n\t\t\t\t\t\t<\/div>\n\t\t\t\t<\/div>\n\t\t\t\t<div class=\"elementor-element elementor-element-0f7cac0 elementor-widget elementor-widget-heading\" data-id=\"0f7cac0\" data-element_type=\"widget\" data-widget_type=\"heading.default\">\n\t\t\t\t<div class=\"elementor-widget-container\">\n\t\t\t\t\t<div class=\"elementor-heading-title elementor-size-default\">APPLICABLES AUX LOCATIONS<\/div>\t\t\t\t<\/div>\n\t\t\t\t<\/div>\n\t\t<div class=\"elementor-element elementor-element-68a2fde e-grid e-con-full e-con e-child\" data-id=\"68a2fde\" data-element_type=\"container\">\n\t\t\t\t<div class=\"elementor-element elementor-element-f6d5a8c elementor-widget elementor-widget-heading\" data-id=\"f6d5a8c\" data-element_type=\"widget\" data-widget_type=\"heading.default\">\n\t\t\t\t<div class=\"elementor-widget-container\">\n\t\t\t\t\t<div class=\"elementor-heading-title elementor-size-default\">Type de locations<\/div>\t\t\t\t<\/div>\n\t\t\t\t<\/div>\n\t\t\t\t<div class=\"elementor-element elementor-element-97fd161 elementor-widget elementor-widget-heading\" data-id=\"97fd161\" data-element_type=\"widget\" data-widget_type=\"heading.default\">\n\t\t\t\t<div class=\"elementor-widget-container\">\n\t\t\t\t\t<div class=\"elementor-heading-title elementor-size-default\">Honoraires<\/div>\t\t\t\t<\/div>\n\t\t\t\t<\/div>\n\t\t\t\t<div class=\"elementor-element elementor-element-9a76b9f elementor-widget elementor-widget-heading\" data-id=\"9a76b9f\" data-element_type=\"widget\" data-widget_type=\"heading.default\">\n\t\t\t\t<div class=\"elementor-widget-container\">\n\t\t\t\t\t<div class=\"elementor-heading-title elementor-size-default\">Locations saisonni\u00e8res<\/div>\t\t\t\t<\/div>\n\t\t\t\t<\/div>\n\t\t\t\t<div class=\"elementor-element elementor-element-1ce2442 elementor-widget elementor-widget-heading\" data-id=\"1ce2442\" data-element_type=\"widget\" data-widget_type=\"heading.default\">\n\t\t\t\t<div class=\"elementor-widget-container\">\n\t\t\t\t\t<div class=\"elementor-heading-title elementor-size-default\">25%TTC du loyer<\/div>\t\t\t\t<\/div>\n\t\t\t\t<\/div>\n\t\t\t\t<\/div>\n\t\t\t\t<div class=\"elementor-element elementor-element-85014df elementor-widget elementor-widget-text-editor\" data-id=\"85014df\" data-element_type=\"widget\" data-widget_type=\"text-editor.default\">\n\t\t\t\t<div class=\"elementor-widget-container\">\n\t\t\t\t\t\t\t\t\tLes honoraires repr\u00e9sentent les pourcentages maximums applicables \u00e0 nos prestations. Les honoraires sont \u00e0 la charge du propri\u00e9taire et incluent la TVA \u00e0 20%.\t\t\t\t\t\t\t\t<\/div>\n\t\t\t\t<\/div>\n\t\t\t\t<div class=\"elementor-element elementor-element-5d9a3c6 elementor-widget-divider--view-line elementor-widget elementor-widget-global elementor-global-627048 elementor-widget-divider\" data-id=\"5d9a3c6\" data-element_type=\"widget\" data-widget_type=\"divider.default\">\n\t\t\t\t<div class=\"elementor-widget-container\">\n\t\t\t\t\t\t\t<div class=\"elementor-divider\">\n\t\t\t<span class=\"elementor-divider-separator\">\n\t\t\t\t\t\t<\/span>\n\t\t<\/div>\n\t\t\t\t\t\t<\/div>\n\t\t\t\t<\/div>\n\t\t\t\t<div class=\"elementor-element elementor-element-587ebb0 elementor-widget elementor-widget-heading\" data-id=\"587ebb0\" data-element_type=\"widget\" data-widget_type=\"heading.default\">\n\t\t\t\t<div class=\"elementor-widget-container\">\n\t\t\t\t\t<div class=\"elementor-heading-title elementor-size-default\">HABILITATION ET GARANTIES<\/div>\t\t\t\t<\/div>\n\t\t\t\t<\/div>\n\t\t\t\t<div class=\"elementor-element elementor-element-0d5c06d elementor-widget elementor-widget-text-editor\" data-id=\"0d5c06d\" data-element_type=\"widget\" data-widget_type=\"text-editor.default\">\n\t\t\t\t<div class=\"elementor-widget-container\">\n\t\t\t\t\t\t\t\t\t<p><i>Loi n\u00b070-9 du 2 janvier 1970<br><br><\/i><\/p>\n<p><span style=\"color: var( --e-global-color-text ); font-size: 1rem;\">Carte professionnelle Transactions sur immeubles et fonds de commerce<br><\/span><span style=\"color: var( --e-global-color-text ); font-size: 1rem;\">n\u00b0 CPI 0605 2016 000 003 634 d\u00e9livr\u00e9e par la CCI Nice C\u00f4te d\u2019Azur.<\/span><\/p>\n<p>\nCouverte par une responsabilit\u00e9 civile professionnelle chez Galian<br>Non d\u00e9tention de fonds \u2013 Pas de garantie financi\u00e8re<\/p>\t\t\t\t\t\t\t\t<\/div>\n\t\t\t\t<\/div>\n\t\t\t\t\t<\/div>\n\t\t\t\t<\/div>\n\t\t\t\t<\/div>\n\t\t","protected":false},"excerpt":{"rendered":"<p>APPLICABLES AUX VENTES Type de biens Honoraires Maisons et appartements 6%TTC Terrains 8%TTC Les honoraires repr\u00e9sentent les pourcentages maximums applicables \u00e0 nos prestations. Les honoraires sont \u00e0 la charge du vendeur ou de l\u2019acqu\u00e9reur selon les termes du mandat confi\u00e9 \u00e0 l\u2019agence et incluent la TVA \u00e0 20% APPLICABLES AUX LOCATIONS Type de locations Honoraires [&hellip;]<\/p>\n","protected":false},"author":2,"featured_media":0,"parent":0,"menu_order":0,"comment_status":"closed","ping_status":"closed","template":"","meta":{"footnotes":""},"folder":[],"class_list":["post-626134","page","type-page","status-publish","hentry"],"_links":{"self":[{"href":"https:\/\/sophiepeirano.com\/fr\/wp-json\/wp\/v2\/pages\/626134","targetHints":{"allow":["GET"]}}],"collection":[{"href":"https:\/\/sophiepeirano.com\/fr\/wp-json\/wp\/v2\/pages"}],"about":[{"href":"https:\/\/sophiepeirano.com\/fr\/wp-json\/wp\/v2\/types\/page"}],"author":[{"embeddable":true,"href":"https:\/\/sophiepeirano.com\/fr\/wp-json\/wp\/v2\/users\/2"}],"replies":[{"embeddable":true,"href":"https:\/\/sophiepeirano.com\/fr\/wp-json\/wp\/v2\/comments?post=626134"}],"version-history":[{"count":2,"href":"https:\/\/sophiepeirano.com\/fr\/wp-json\/wp\/v2\/pages\/626134\/revisions"}],"predecessor-version":[{"id":633629,"href":"https:\/\/sophiepeirano.com\/fr\/wp-json\/wp\/v2\/pages\/626134\/revisions\/633629"}],"wp:attachment":[{"href":"https:\/\/sophiepeirano.com\/fr\/wp-json\/wp\/v2\/media?parent=626134"}],"wp:term":[{"taxonomy":"folder","embeddable":true,"href":"https:\/\/sophiepeirano.com\/fr\/wp-json\/wp\/v2\/folder?post=626134"}],"curies":[{"name":"wp","href":"https:\/\/api.w.org\/{rel}","templated":true}]}}