{"id":52,"date":"2021-09-17T16:03:37","date_gmt":"2021-09-17T14:03:37","guid":{"rendered":"https:\/\/mockup.gemea.com\/?page_id=52"},"modified":"2026-01-05T13:04:26","modified_gmt":"2026-01-05T12:04:26","slug":"actualites","status":"publish","type":"page","link":"https:\/\/sophiepeirano.com\/fr\/actualites\/","title":{"rendered":"Actualit\u00e9s"},"content":{"rendered":"\t\t<div data-elementor-type=\"wp-page\" data-elementor-id=\"52\" class=\"elementor elementor-52\" data-elementor-post-type=\"page\">\n\t\t\t\t<div class=\"elementor-element elementor-element-0144011 e-flex e-con-boxed e-con e-parent\" data-id=\"0144011\" data-element_type=\"container\" data-settings=\"{&quot;position&quot;:&quot;absolute&quot;}\">\n\t\t\t\t\t<div class=\"e-con-inner\">\n\t\t\t\t<div class=\"elementor-element elementor-element-8a5dff9 elementor-widget elementor-widget-heading\" data-id=\"8a5dff9\" data-element_type=\"widget\" data-widget_type=\"heading.default\">\n\t\t\t\t<div class=\"elementor-widget-container\">\n\t\t\t\t\t<h1 class=\"elementor-heading-title elementor-size-default\">Actualit\u00e9s \u00e0 la Une<\/h1>\t\t\t\t<\/div>\n\t\t\t\t<\/div>\n\t\t\t\t<div class=\"elementor-element elementor-element-014e7dd elementor-widget elementor-widget-heading\" data-id=\"014e7dd\" data-element_type=\"widget\" data-widget_type=\"heading.default\">\n\t\t\t\t<div class=\"elementor-widget-container\">\n\t\t\t\t\t<div class=\"elementor-heading-title elementor-size-default\"><h2>Actualit\u00e9s Immobilier \u00e0 Cannes<\/h2>. Vous n'achetez pas seulement une maison, vous achetez un mode de vie. derni\u00e8res nouvelles et tendances en immobilier sur la C\u00f4te d\u2019Azur avec Sophie Peirano Real Estate. D\u00e9couvrez les actualit\u00e9s du march\u00e9, les nouveaut\u00e9s en mati\u00e8re de luxe et des conseils pour investir.<\/div>\t\t\t\t<\/div>\n\t\t\t\t<\/div>\n\t\t\t\t\t<\/div>\n\t\t\t\t<\/div>\n\t\t<div class=\"elementor-element elementor-element-0379f6d e-con-full e-flex e-con e-parent\" data-id=\"0379f6d\" data-element_type=\"container\" data-settings=\"{&quot;background_background&quot;:&quot;classic&quot;}\">\n\t\t\t\t<\/div>\n\t\t<div class=\"elementor-element elementor-element-3e1f43d e-con-full e-flex e-con e-parent\" data-id=\"3e1f43d\" data-element_type=\"container\" data-settings=\"{&quot;background_background&quot;:&quot;classic&quot;}\">\n\t\t\t\t<div class=\"elementor-element elementor-element-bc2d557 elementor-grid-3 elementor-grid-tablet-2 elementor-grid-mobile-1 elementor-posts--thumbnail-top elementor-posts__hover-gradient elementor-widget elementor-widget-posts\" data-id=\"bc2d557\" data-element_type=\"widget\" data-settings=\"{&quot;cards_columns&quot;:&quot;3&quot;,&quot;cards_columns_tablet&quot;:&quot;2&quot;,&quot;cards_columns_mobile&quot;:&quot;1&quot;,&quot;cards_row_gap&quot;:{&quot;unit&quot;:&quot;px&quot;,&quot;size&quot;:35,&quot;sizes&quot;:[]},&quot;cards_row_gap_laptop&quot;:{&quot;unit&quot;:&quot;px&quot;,&quot;size&quot;:&quot;&quot;,&quot;sizes&quot;:[]},&quot;cards_row_gap_tablet&quot;:{&quot;unit&quot;:&quot;px&quot;,&quot;size&quot;:&quot;&quot;,&quot;sizes&quot;:[]},&quot;cards_row_gap_mobile&quot;:{&quot;unit&quot;:&quot;px&quot;,&quot;size&quot;:&quot;&quot;,&quot;sizes&quot;:[]}}\" data-widget_type=\"posts.cards\">\n\t\t\t\t<div class=\"elementor-widget-container\">\n\t\t\t\t\t\t\t<div class=\"elementor-posts-container elementor-posts elementor-posts--skin-cards elementor-grid\">\n\t\t\t\t<article class=\"elementor-post elementor-grid-item post-633772 post type-post status-publish format-standard has-post-thumbnail hentry category-uncategorized tag-immobilier-de-prestige tag-mandats-exclusif tag-sophie-peirano-real-estate\">\n\t\t\t<div class=\"elementor-post__card\">\n\t\t\t\t<a class=\"elementor-post__thumbnail__link\" href=\"https:\/\/sophiepeirano.com\/fr\/sophie-peirano-real-estate-mandats-exclusifs\/\" tabindex=\"-1\" ><div class=\"elementor-post__thumbnail\"><img fetchpriority=\"high\" decoding=\"async\" width=\"720\" height=\"480\" src=\"https:\/\/sophiepeirano.com\/wp-content\/uploads\/2026\/01\/251109-PEIRA-CN-5Paradis-Orangerai-SP-4-720x480.jpg\" class=\"attachment-medium size-medium wp-image-633775\" alt=\"Maison et Appartements - Sophie Peirano Real Estate - Mandats exclusif\" srcset=\"https:\/\/sophiepeirano.com\/wp-content\/uploads\/2026\/01\/251109-PEIRA-CN-5Paradis-Orangerai-SP-4-720x480.jpg 720w, https:\/\/sophiepeirano.com\/wp-content\/uploads\/2026\/01\/251109-PEIRA-CN-5Paradis-Orangerai-SP-4-1920x1280.jpg 1920w, https:\/\/sophiepeirano.com\/wp-content\/uploads\/2026\/01\/251109-PEIRA-CN-5Paradis-Orangerai-SP-4-300x200.jpg 300w, https:\/\/sophiepeirano.com\/wp-content\/uploads\/2026\/01\/251109-PEIRA-CN-5Paradis-Orangerai-SP-4-768x512.jpg 768w, https:\/\/sophiepeirano.com\/wp-content\/uploads\/2026\/01\/251109-PEIRA-CN-5Paradis-Orangerai-SP-4-1536x1024.jpg 1536w, https:\/\/sophiepeirano.com\/wp-content\/uploads\/2026\/01\/251109-PEIRA-CN-5Paradis-Orangerai-SP-4-2048x1365.jpg 2048w, https:\/\/sophiepeirano.com\/wp-content\/uploads\/2026\/01\/251109-PEIRA-CN-5Paradis-Orangerai-SP-4-18x12.jpg 18w\" sizes=\"(max-width: 720px) 100vw, 720px\" \/><\/div><\/a>\n\t\t\t\t<div class=\"elementor-post__text\">\n\t\t\t\t<h3 class=\"elementor-post__title\">\n\t\t\t<a href=\"https:\/\/sophiepeirano.com\/fr\/sophie-peirano-real-estate-mandats-exclusifs\/\" >\n\t\t\t\t80 % de nos mandats exclusifs vendus en moins de 6 mois\t\t\t<\/a>\n\t\t<\/h3>\n\t\t\n\t\t<a class=\"elementor-post__read-more\" href=\"https:\/\/sophiepeirano.com\/fr\/sophie-peirano-real-estate-mandats-exclusifs\/\" aria-label=\"En savoir plus sur 80 % de nos mandats exclusifs vendus en moins de 6 mois\" tabindex=\"-1\" >\n\t\t\tLire la suite \u00bb\t\t<\/a>\n\n\t\t\t\t<\/div>\n\t\t\t\t<div class=\"elementor-post__meta-data\">\n\t\t\t\t\t<span class=\"elementor-post-date\">\n\t\t\tmar 27 janvier 2026\t\t<\/span>\n\t\t\t\t<\/div>\n\t\t\t\t\t<\/div>\n\t\t<\/article>\n\t\t\t\t<article class=\"elementor-post elementor-grid-item post-631707 post type-post status-publish format-standard has-post-thumbnail hentry category-uncategorized tag-acheter-villa-cannes tag-immobilier tag-immobilier-cannes tag-residence-immobilier tag-sophie-peirano tag-sophie-peirano-real-estate tag-vente-villa\">\n\t\t\t<div class=\"elementor-post__card\">\n\t\t\t\t<a class=\"elementor-post__thumbnail__link\" href=\"https:\/\/sophiepeirano.com\/fr\/sophie-peirano-real-estate-invitee-de-residences-immobilier\/\" tabindex=\"-1\" ><div class=\"elementor-post__thumbnail\"><img decoding=\"async\" width=\"720\" height=\"480\" src=\"https:\/\/sophiepeirano.com\/wp-content\/uploads\/2025\/09\/PHOTO-DE-COUVERTURE-PREMIERE-PHOTO-ARTICLE-.pdf-2-1-720x480.jpg\" class=\"attachment-medium size-medium wp-image-631778\" alt=\"Sophie Peirano Real Estate mise a l&#039;honneur dans r\u00e9sidence immobilier\" srcset=\"https:\/\/sophiepeirano.com\/wp-content\/uploads\/2025\/09\/PHOTO-DE-COUVERTURE-PREMIERE-PHOTO-ARTICLE-.pdf-2-1-720x480.jpg 720w, https:\/\/sophiepeirano.com\/wp-content\/uploads\/2025\/09\/PHOTO-DE-COUVERTURE-PREMIERE-PHOTO-ARTICLE-.pdf-2-1-300x200.jpg 300w, https:\/\/sophiepeirano.com\/wp-content\/uploads\/2025\/09\/PHOTO-DE-COUVERTURE-PREMIERE-PHOTO-ARTICLE-.pdf-2-1-768x512.jpg 768w, https:\/\/sophiepeirano.com\/wp-content\/uploads\/2025\/09\/PHOTO-DE-COUVERTURE-PREMIERE-PHOTO-ARTICLE-.pdf-2-1-1536x1024.jpg 1536w, https:\/\/sophiepeirano.com\/wp-content\/uploads\/2025\/09\/PHOTO-DE-COUVERTURE-PREMIERE-PHOTO-ARTICLE-.pdf-2-1-18x12.jpg 18w, https:\/\/sophiepeirano.com\/wp-content\/uploads\/2025\/09\/PHOTO-DE-COUVERTURE-PREMIERE-PHOTO-ARTICLE-.pdf-2-1.jpg 1920w\" sizes=\"(max-width: 720px) 100vw, 720px\" \/><\/div><\/a>\n\t\t\t\t<div class=\"elementor-post__text\">\n\t\t\t\t<h3 class=\"elementor-post__title\">\n\t\t\t<a href=\"https:\/\/sophiepeirano.com\/fr\/sophie-peirano-real-estate-invitee-de-residences-immobilier\/\" >\n\t\t\t\tSophie Peirano Real Estate, invit\u00e9e du mois de R\u00e9sidences Immobilier\t\t\t<\/a>\n\t\t<\/h3>\n\t\t\n\t\t<a class=\"elementor-post__read-more\" href=\"https:\/\/sophiepeirano.com\/fr\/sophie-peirano-real-estate-invitee-de-residences-immobilier\/\" aria-label=\"En savoir plus sur Sophie Peirano Real Estate, invit\u00e9e du mois de R\u00e9sidences Immobilier\" tabindex=\"-1\" >\n\t\t\tLire la suite \u00bb\t\t<\/a>\n\n\t\t\t\t<\/div>\n\t\t\t\t<div class=\"elementor-post__meta-data\">\n\t\t\t\t\t<span class=\"elementor-post-date\">\n\t\t\tmar 9 septembre 2025\t\t<\/span>\n\t\t\t\t<\/div>\n\t\t\t\t\t<\/div>\n\t\t<\/article>\n\t\t\t\t<article class=\"elementor-post elementor-grid-item post-631077 post type-post status-publish format-standard has-post-thumbnail hentry category-news category-revue-de-presse tag-cannes tag-immobilier tag-immobilier-cote-dazur tag-maria-morris tag-maria-morris-global tag-real-estate tag-sophie-peirano tag-sophie-peirano-real-estate tag-vente-appartement tag-vente-villa\">\n\t\t\t<div class=\"elementor-post__card\">\n\t\t\t\t<a class=\"elementor-post__thumbnail__link\" href=\"https:\/\/sophiepeirano.com\/fr\/sophie-peirano-real-estate-x-maria-morris-global\/\" tabindex=\"-1\" ><div class=\"elementor-post__thumbnail\"><img decoding=\"async\" width=\"720\" height=\"554\" src=\"https:\/\/sophiepeirano.com\/wp-content\/uploads\/2025\/05\/GALERY-SITE-EB-FORMAT-720x554.webp\" class=\"attachment-medium size-medium wp-image-631080\" alt=\"Sofie Peirano Real Estate X Maria Morris Global\" srcset=\"https:\/\/sophiepeirano.com\/wp-content\/uploads\/2025\/05\/GALERY-SITE-EB-FORMAT-720x554.webp 720w, https:\/\/sophiepeirano.com\/wp-content\/uploads\/2025\/05\/GALERY-SITE-EB-FORMAT-300x231.webp 300w, https:\/\/sophiepeirano.com\/wp-content\/uploads\/2025\/05\/GALERY-SITE-EB-FORMAT-768x590.webp 768w, https:\/\/sophiepeirano.com\/wp-content\/uploads\/2025\/05\/GALERY-SITE-EB-FORMAT-16x12.webp 16w, https:\/\/sophiepeirano.com\/wp-content\/uploads\/2025\/05\/GALERY-SITE-EB-FORMAT.webp 1280w\" sizes=\"(max-width: 720px) 100vw, 720px\" \/><\/div><\/a>\n\t\t\t\t<div class=\"elementor-post__text\">\n\t\t\t\t<h3 class=\"elementor-post__title\">\n\t\t\t<a href=\"https:\/\/sophiepeirano.com\/fr\/sophie-peirano-real-estate-x-maria-morris-global\/\" >\n\t\t\t\tSophie Peirano Real Estate x Maria Morris Global\t\t\t<\/a>\n\t\t<\/h3>\n\t\t\n\t\t<a class=\"elementor-post__read-more\" href=\"https:\/\/sophiepeirano.com\/fr\/sophie-peirano-real-estate-x-maria-morris-global\/\" aria-label=\"En savoir plus sur Sophie Peirano Real Estate x Maria Morris Global\" tabindex=\"-1\" >\n\t\t\tLire la suite \u00bb\t\t<\/a>\n\n\t\t\t\t<\/div>\n\t\t\t\t<div class=\"elementor-post__meta-data\">\n\t\t\t\t\t<span class=\"elementor-post-date\">\n\t\t\tven 23 mai 2025\t\t<\/span>\n\t\t\t\t<\/div>\n\t\t\t\t\t<\/div>\n\t\t<\/article>\n\t\t\t\t<article class=\"elementor-post elementor-grid-item post-630804 post type-post status-publish format-standard has-post-thumbnail hentry category-news category-revue-de-presse\">\n\t\t\t<div class=\"elementor-post__card\">\n\t\t\t\t<a class=\"elementor-post__thumbnail__link\" href=\"https:\/\/sophiepeirano.com\/fr\/sophie-peirano-real-estate-lexpansion-de-lagence\/\" tabindex=\"-1\" ><div class=\"elementor-post__thumbnail\"><img loading=\"lazy\" decoding=\"async\" width=\"720\" height=\"554\" src=\"https:\/\/sophiepeirano.com\/wp-content\/uploads\/2025\/04\/MagazineAvril2025-720x554.webp\" class=\"attachment-medium size-medium wp-image-630820\" alt=\"Sophie Peirano Real Estate x R\u00e9sidence Immobilier - L&#039;expansion de l&#039;agence\" srcset=\"https:\/\/sophiepeirano.com\/wp-content\/uploads\/2025\/04\/MagazineAvril2025-720x554.webp 720w, https:\/\/sophiepeirano.com\/wp-content\/uploads\/2025\/04\/MagazineAvril2025-300x231.webp 300w, https:\/\/sophiepeirano.com\/wp-content\/uploads\/2025\/04\/MagazineAvril2025-768x590.webp 768w, https:\/\/sophiepeirano.com\/wp-content\/uploads\/2025\/04\/MagazineAvril2025-16x12.webp 16w, https:\/\/sophiepeirano.com\/wp-content\/uploads\/2025\/04\/MagazineAvril2025.webp 1280w\" sizes=\"(max-width: 720px) 100vw, 720px\" \/><\/div><\/a>\n\t\t\t\t<div class=\"elementor-post__text\">\n\t\t\t\t<h3 class=\"elementor-post__title\">\n\t\t\t<a href=\"https:\/\/sophiepeirano.com\/fr\/sophie-peirano-real-estate-lexpansion-de-lagence\/\" >\n\t\t\t\tSophie Peirano Real Estate : L\u2019expansion de l\u2019agence\t\t\t<\/a>\n\t\t<\/h3>\n\t\t\n\t\t<a class=\"elementor-post__read-more\" href=\"https:\/\/sophiepeirano.com\/fr\/sophie-peirano-real-estate-lexpansion-de-lagence\/\" aria-label=\"En savoir plus sur Sophie Peirano Real Estate : L\u2019expansion de l\u2019agence\" tabindex=\"-1\" >\n\t\t\tLire la suite \u00bb\t\t<\/a>\n\n\t\t\t\t<\/div>\n\t\t\t\t<div class=\"elementor-post__meta-data\">\n\t\t\t\t\t<span class=\"elementor-post-date\">\n\t\t\tven 11 avril 2025\t\t<\/span>\n\t\t\t\t<\/div>\n\t\t\t\t\t<\/div>\n\t\t<\/article>\n\t\t\t\t<article class=\"elementor-post elementor-grid-item post-550 post type-post status-publish format-standard has-post-thumbnail hentry category-news category-revue-de-presse tag-residence-immobilier\">\n\t\t\t<div class=\"elementor-post__card\">\n\t\t\t\t<a class=\"elementor-post__thumbnail__link\" href=\"https:\/\/sophiepeirano.com\/fr\/sophie-peirano-real-estate-residences-immobilier\/\" tabindex=\"-1\" ><div class=\"elementor-post__thumbnail\"><img loading=\"lazy\" decoding=\"async\" width=\"720\" height=\"554\" src=\"https:\/\/sophiepeirano.com\/wp-content\/uploads\/2024\/05\/Residences-immobilier-couverture-1-720x554.webp\" class=\"attachment-medium size-medium wp-image-627982\" alt=\"D\u00e9couvrez la s\u00e9lection de bien \u00e0 vendre de l\u2019agence Sophie Peirano Real Estate - Sophie Peirano Real Estate \u00e0 l&#039;honneur dans le Magazine R\u00e9sidences Immobilier\" srcset=\"https:\/\/sophiepeirano.com\/wp-content\/uploads\/2024\/05\/Residences-immobilier-couverture-1-720x554.webp 720w, https:\/\/sophiepeirano.com\/wp-content\/uploads\/2024\/05\/Residences-immobilier-couverture-1-300x231.webp 300w, https:\/\/sophiepeirano.com\/wp-content\/uploads\/2024\/05\/Residences-immobilier-couverture-1-768x590.webp 768w, https:\/\/sophiepeirano.com\/wp-content\/uploads\/2024\/05\/Residences-immobilier-couverture-1-16x12.webp 16w, https:\/\/sophiepeirano.com\/wp-content\/uploads\/2024\/05\/Residences-immobilier-couverture-1.webp 1280w\" sizes=\"(max-width: 720px) 100vw, 720px\" \/><\/div><\/a>\n\t\t\t\t<div class=\"elementor-post__text\">\n\t\t\t\t<h3 class=\"elementor-post__title\">\n\t\t\t<a href=\"https:\/\/sophiepeirano.com\/fr\/sophie-peirano-real-estate-residences-immobilier\/\" >\n\t\t\t\tSophie Peirano Real Estate \u00e0 l&rsquo;honneur dans le Magazine R\u00e9sidences Immobilier\t\t\t<\/a>\n\t\t<\/h3>\n\t\t\n\t\t<a class=\"elementor-post__read-more\" href=\"https:\/\/sophiepeirano.com\/fr\/sophie-peirano-real-estate-residences-immobilier\/\" aria-label=\"En savoir plus sur Sophie Peirano Real Estate \u00e0 l&rsquo;honneur dans le Magazine R\u00e9sidences Immobilier\" tabindex=\"-1\" >\n\t\t\tLire la suite \u00bb\t\t<\/a>\n\n\t\t\t\t<\/div>\n\t\t\t\t<div class=\"elementor-post__meta-data\">\n\t\t\t\t\t<span class=\"elementor-post-date\">\n\t\t\tmer 22 mai 2024\t\t<\/span>\n\t\t\t\t<\/div>\n\t\t\t\t\t<\/div>\n\t\t<\/article>\n\t\t\t\t<article class=\"elementor-post elementor-grid-item post-549 post type-post status-publish format-standard has-post-thumbnail hentry category-news category-revue-de-presse tag-achat-appartement tag-achat-villa tag-cote-dazur tag-immobilier tag-immobilier-cannes tag-immobilier-cote-dazur tag-sophie-peirano tag-sophie-peirano-real-estate tag-ultimate tag-ultimate-magazine tag-vente-appartement tag-vente-villa tag-vente-villa-cannes\">\n\t\t\t<div class=\"elementor-post__card\">\n\t\t\t\t<a class=\"elementor-post__thumbnail__link\" href=\"https:\/\/sophiepeirano.com\/fr\/sophie-peirano-real-estate-ultimate-magazine\/\" tabindex=\"-1\" ><div class=\"elementor-post__thumbnail\"><img loading=\"lazy\" decoding=\"async\" width=\"720\" height=\"554\" src=\"https:\/\/sophiepeirano.com\/wp-content\/uploads\/2024\/05\/Ultimate-32-1-720x554.webp\" class=\"attachment-medium size-medium wp-image-627969\" alt=\"D\u00e9couvrez l\u2019agence d\u2019immobilier de luxe \u00e0 Cannes, l\u2019agence Sophie Peirano Real Estate\" srcset=\"https:\/\/sophiepeirano.com\/wp-content\/uploads\/2024\/05\/Ultimate-32-1-720x554.webp 720w, https:\/\/sophiepeirano.com\/wp-content\/uploads\/2024\/05\/Ultimate-32-1-300x231.webp 300w, https:\/\/sophiepeirano.com\/wp-content\/uploads\/2024\/05\/Ultimate-32-1-768x590.webp 768w, https:\/\/sophiepeirano.com\/wp-content\/uploads\/2024\/05\/Ultimate-32-1-16x12.webp 16w, https:\/\/sophiepeirano.com\/wp-content\/uploads\/2024\/05\/Ultimate-32-1.webp 1280w\" sizes=\"(max-width: 720px) 100vw, 720px\" \/><\/div><\/a>\n\t\t\t\t<div class=\"elementor-post__text\">\n\t\t\t\t<h3 class=\"elementor-post__title\">\n\t\t\t<a href=\"https:\/\/sophiepeirano.com\/fr\/sophie-peirano-real-estate-ultimate-magazine\/\" >\n\t\t\t\tSophie Peirano Real Estate en vedette dans le prestigieux magazine ULTIMATE\t\t\t<\/a>\n\t\t<\/h3>\n\t\t\n\t\t<a class=\"elementor-post__read-more\" href=\"https:\/\/sophiepeirano.com\/fr\/sophie-peirano-real-estate-ultimate-magazine\/\" aria-label=\"En savoir plus sur Sophie Peirano Real Estate en vedette dans le prestigieux magazine ULTIMATE\" tabindex=\"-1\" >\n\t\t\tLire la suite \u00bb\t\t<\/a>\n\n\t\t\t\t<\/div>\n\t\t\t\t<div class=\"elementor-post__meta-data\">\n\t\t\t\t\t<span class=\"elementor-post-date\">\n\t\t\tmar 21 mai 2024\t\t<\/span>\n\t\t\t\t<\/div>\n\t\t\t\t\t<\/div>\n\t\t<\/article>\n\t\t\t\t<\/div>\n\t\t\n\t\t\t\t\t\t<\/div>\n\t\t\t\t<\/div>\n\t\t\t\t<div class=\"elementor-element elementor-element-859a6db elementor-widget elementor-widget-global elementor-global-885 elementor-widget-jet-smart-filters-pagination\" data-id=\"859a6db\" data-element_type=\"widget\" data-widget_type=\"jet-smart-filters-pagination.default\">\n\t\t\t\t<div class=\"elementor-widget-container\">\n\t\t\t\t\t<div\n\t\t\t\tclass=\"jet-smart-filters-pagination jet-filter\"\n\t\t\t\tdata-apply-provider=\"epro-posts\"\n\t\t\t\tdata-content-provider=\"epro-posts\"\n\t\t\t\tdata-query-id=\"default\"\n\t\t\t\tdata-controls=\"{&quot;items_enabled&quot;:true,&quot;pages_mid_size&quot;:0,&quot;pages_end_size&quot;:0,&quot;nav_enabled&quot;:true,&quot;prev&quot;:&quot;&lt;&quot;,&quot;next&quot;:&quot;&gt;&quot;,&quot;hide_inactive_nav&quot;:true,&quot;load_more_enabled&quot;:false,&quot;provider_top_offset&quot;:0}\"\n\t\t\t\tdata-apply-type=\"reload\"\n\t\t\t><\/div>\t\t\t\t<\/div>\n\t\t\t\t<\/div>\n\t\t\t\t<\/div>\n\t\t\t\t<\/div>\n\t\t","protected":false},"excerpt":{"rendered":"<p>Actualit\u00e9s \u00e0 la Une Actualit\u00e9s Immobilier \u00e0 Cannes . Vous n&rsquo;achetez pas seulement une maison, vous achetez un mode de<\/p>\n","protected":false},"author":1,"featured_media":628624,"parent":0,"menu_order":0,"comment_status":"closed","ping_status":"closed","template":"elementor_header_footer","meta":{"footnotes":""},"folder":[15],"class_list":["post-52","page","type-page","status-publish","has-post-thumbnail","hentry"],"_links":{"self":[{"href":"https:\/\/sophiepeirano.com\/fr\/wp-json\/wp\/v2\/pages\/52","targetHints":{"allow":["GET"]}}],"collection":[{"href":"https:\/\/sophiepeirano.com\/fr\/wp-json\/wp\/v2\/pages"}],"about":[{"href":"https:\/\/sophiepeirano.com\/fr\/wp-json\/wp\/v2\/types\/page"}],"author":[{"embeddable":true,"href":"https:\/\/sophiepeirano.com\/fr\/wp-json\/wp\/v2\/users\/1"}],"replies":[{"embeddable":true,"href":"https:\/\/sophiepeirano.com\/fr\/wp-json\/wp\/v2\/comments?post=52"}],"version-history":[{"count":2,"href":"https:\/\/sophiepeirano.com\/fr\/wp-json\/wp\/v2\/pages\/52\/revisions"}],"predecessor-version":[{"id":633691,"href":"https:\/\/sophiepeirano.com\/fr\/wp-json\/wp\/v2\/pages\/52\/revisions\/633691"}],"wp:featuredmedia":[{"embeddable":true,"href":"https:\/\/sophiepeirano.com\/fr\/wp-json\/wp\/v2\/media\/628624"}],"wp:attachment":[{"href":"https:\/\/sophiepeirano.com\/fr\/wp-json\/wp\/v2\/media?parent=52"}],"wp:term":[{"taxonomy":"folder","embeddable":true,"href":"https:\/\/sophiepeirano.com\/fr\/wp-json\/wp\/v2\/folder?post=52"}],"curies":[{"name":"wp","href":"https:\/\/api.w.org\/{rel}","templated":true}]}}