{"id":622244,"date":"2023-06-19T14:38:50","date_gmt":"2023-06-19T12:38:50","guid":{"rendered":"https:\/\/staging.sophiepeirano.com\/?page_id=622244"},"modified":"2025-12-08T16:13:48","modified_gmt":"2025-12-08T15:13:48","slug":"villes","status":"publish","type":"page","link":"https:\/\/sophiepeirano.com\/en\/villes\/","title":{"rendered":"Villes"},"content":{"rendered":"<div data-elementor-type=\"wp-page\" data-elementor-id=\"622244\" class=\"elementor elementor-622244\" data-elementor-post-type=\"page\">\n\t\t\t\t<div class=\"elementor-element elementor-element-b3214bb e-con-full e-flex e-con e-parent\" data-id=\"b3214bb\" data-element_type=\"container\" data-settings=\"{&quot;background_background&quot;:&quot;classic&quot;}\">\n\t\t\t\t<\/div>\n\t\t<div class=\"elementor-element elementor-element-0785867 e-flex e-con-boxed e-con e-parent\" data-id=\"0785867\" data-element_type=\"container\" data-settings=\"{&quot;background_background&quot;:&quot;classic&quot;}\">\n\t\t\t\t\t<div class=\"e-con-inner\">\n\t\t\t\t<div class=\"elementor-element elementor-element-eb867f0 elementor-widget elementor-widget-text-editor\" data-id=\"eb867f0\" data-element_type=\"widget\" data-widget_type=\"text-editor.default\">\n\t\t\t\t<div class=\"elementor-widget-container\">\n\t\t\t\t\t\t\t\t\t<h1 style=\"text-align: center;\">Cities of the French Riviera<\/h1>\t\t\t\t\t\t\t\t<\/div>\n\t\t\t\t<\/div>\n\t\t\t\t\t<\/div>\n\t\t\t\t<\/div>\n\t\t<div class=\"elementor-element elementor-element-b8a0fb2 e-flex e-con-boxed e-con e-parent\" data-id=\"b8a0fb2\" data-element_type=\"container\" data-settings=\"{&quot;background_background&quot;:&quot;classic&quot;}\">\n\t\t\t\t\t<div class=\"e-con-inner\">\n\t\t\t\t<div class=\"elementor-element elementor-element-51e901b elementor-widget__width-initial elementor-invisible elementor-widget elementor-widget-text-editor\" data-id=\"51e901b\" data-element_type=\"widget\" data-settings=\"{&quot;_animation&quot;:&quot;fadeInLeft&quot;}\" data-widget_type=\"text-editor.default\">\n\t\t\t\t<div class=\"elementor-widget-container\">\n\t\t\t\t\t\t\t\t\t<h2 style=\"text-align: left;\">THE FRENCH RIVIERA<\/h2><p>A true natural gem, the French Riviera offers an idyllic living environment, nestled between the sea and mountains. It is one of the most sought-after destinations in the world. Benefiting from an exceptional climate, it is a haven of refinement and serenity. Internationally known for its International Film Festival, Cannes is an iconic location with its famous Palais, private beaches, and palaces lining the legendary Croisette. Over the years, the French Riviera has captivated numerous celebrities with its unique natural beauty and elegant atmosphere.<\/p>\t\t\t\t\t\t\t\t<\/div>\n\t\t\t\t<\/div>\n\t\t\t\t\t<\/div>\n\t\t\t\t<\/div>\n\t\t<div class=\"elementor-element elementor-element-d1b03f3 e-con-full e-flex e-con e-parent\" data-id=\"d1b03f3\" data-element_type=\"container\">\n\t\t\t\t<div class=\"elementor-element elementor-element-5216658 elementor-widget elementor-widget-heading\" data-id=\"5216658\" data-element_type=\"widget\" data-widget_type=\"heading.default\">\n\t\t\t\t<div class=\"elementor-widget-container\">\n\t\t\t\t\t<h2 class=\"elementor-heading-title elementor-size-default\">Neighborhood<\/h2>\t\t\t\t<\/div>\n\t\t\t\t<\/div>\n\t\t\t\t<div class=\"elementor-element elementor-element-e98db7f elementor-widget elementor-widget-jet-listing-grid\" data-id=\"e98db7f\" data-element_type=\"widget\" data-settings=\"{&quot;columns&quot;:&quot;4&quot;,&quot;columns_laptop&quot;:&quot;3&quot;,&quot;columns_tablet&quot;:&quot;2&quot;,&quot;columns_mobile&quot;:&quot;1&quot;}\" data-widget_type=\"jet-listing-grid.default\">\n\t\t\t\t<div class=\"elementor-widget-container\">\n\t\t\t\t\t<div class=\"jet-listing-grid jet-listing\"><div class=\"jet-listing-grid__slider\" data-slider_options=\"{&quot;autoplaySpeed&quot;:5000,&quot;autoplay&quot;:true,&quot;pauseOnHover&quot;:true,&quot;infinite&quot;:false,&quot;centerMode&quot;:false,&quot;speed&quot;:500,&quot;arrows&quot;:true,&quot;dots&quot;:true,&quot;slidesToScroll&quot;:1,&quot;prevArrow&quot;:&quot;&lt;div class=&#039;jet-listing-grid__slider-icon prev-arrow &#039; role=&#039;button&#039; aria-label=&#039;Previous&#039;&gt;&lt;svg width=&#039;180&#039; height=&#039;180&#039; viewBox=&#039;0 0 180 180&#039; fill=&#039;none&#039; xmlns=&#039;http:\\\/\\\/www.w3.org\\\/2000\\\/svg&#039;&gt;&lt;path d=&#039;M119 47.3166C119 48.185 118.668 48.9532 118.003 49.6212L78.8385 89L118.003 128.379C118.668 129.047 119 129.815 119 130.683C119 131.552 118.668 132.32 118.003 132.988L113.021 137.998C112.356 138.666 111.592 139 110.729 139C109.865 139 109.101 138.666 108.436 137.998L61.9966 91.3046C61.3322 90.6366 61 89.8684 61 89C61 88.1316 61.3322 87.3634 61.9966 86.6954L108.436 40.002C109.101 39.334 109.865 39 110.729 39C111.592 39 112.356 39.334 113.021 40.002L118.003 45.012C118.668 45.68 119 46.4482 119 47.3166Z&#039; fill=&#039;black&#039;\\\/&gt;&lt;\\\/svg&gt;&lt;\\\/div&gt;&quot;,&quot;nextArrow&quot;:&quot;&lt;div class=&#039;jet-listing-grid__slider-icon next-arrow &#039; role=&#039;button&#039; aria-label=&#039;Next&#039;&gt;&lt;svg width=&#039;180&#039; height=&#039;180&#039; viewBox=&#039;0 0 180 180&#039; fill=&#039;none&#039; xmlns=&#039;http:\\\/\\\/www.w3.org\\\/2000\\\/svg&#039;&gt;&lt;path d=&#039;M119 47.3166C119 48.185 118.668 48.9532 118.003 49.6212L78.8385 89L118.003 128.379C118.668 129.047 119 129.815 119 130.683C119 131.552 118.668 132.32 118.003 132.988L113.021 137.998C112.356 138.666 111.592 139 110.729 139C109.865 139 109.101 138.666 108.436 137.998L61.9966 91.3046C61.3322 90.6366 61 89.8684 61 89C61 88.1316 61.3322 87.3634 61.9966 86.6954L108.436 40.002C109.101 39.334 109.865 39 110.729 39C111.592 39 112.356 39.334 113.021 40.002L118.003 45.012C118.668 45.68 119 46.4482 119 47.3166Z&#039; fill=&#039;black&#039;\\\/&gt;&lt;\\\/svg&gt;&lt;\\\/div&gt;&quot;,&quot;rtl&quot;:false,&quot;itemsCount&quot;:4,&quot;fade&quot;:false,&quot;slidesToShow&quot;:{&quot;desktop&quot;:4,&quot;tablet&quot;:2,&quot;mobile&quot;:1}}\" dir=\"ltr\"><div class=\"jet-listing-grid__items grid-col-desk-4 grid-col-tablet-2 grid-col-mobile-1 jet-listing-grid--621927 jet-equal-columns__wrapper\" data-queried-id=\"622244|WP_Post\" data-nav=\"{&quot;enabled&quot;:false,&quot;type&quot;:null,&quot;more_el&quot;:null,&quot;query&quot;:[],&quot;widget_settings&quot;:{&quot;lisitng_id&quot;:621927,&quot;posts_num&quot;:20,&quot;columns&quot;:4,&quot;columns_tablet&quot;:2,&quot;columns_mobile&quot;:1,&quot;column_min_width&quot;:240,&quot;column_min_width_tablet&quot;:240,&quot;column_min_width_mobile&quot;:240,&quot;inline_columns_css&quot;:false,&quot;is_archive_template&quot;:&quot;&quot;,&quot;post_status&quot;:[&quot;publish&quot;],&quot;use_random_posts_num&quot;:&quot;&quot;,&quot;max_posts_num&quot;:9,&quot;not_found_message&quot;:&quot;No data was found&quot;,&quot;is_masonry&quot;:false,&quot;equal_columns_height&quot;:&quot;yes&quot;,&quot;use_load_more&quot;:&quot;&quot;,&quot;load_more_id&quot;:&quot;&quot;,&quot;load_more_type&quot;:&quot;click&quot;,&quot;load_more_offset&quot;:{&quot;unit&quot;:&quot;px&quot;,&quot;size&quot;:0,&quot;sizes&quot;:[]},&quot;use_custom_post_types&quot;:&quot;&quot;,&quot;custom_post_types&quot;:[],&quot;hide_widget_if&quot;:&quot;&quot;,&quot;carousel_enabled&quot;:&quot;yes&quot;,&quot;slides_to_scroll&quot;:&quot;1&quot;,&quot;arrows&quot;:&quot;true&quot;,&quot;arrow_icon&quot;:&quot;fa fa-angle-left&quot;,&quot;dots&quot;:&quot;true&quot;,&quot;autoplay&quot;:&quot;true&quot;,&quot;pause_on_hover&quot;:&quot;true&quot;,&quot;autoplay_speed&quot;:5000,&quot;infinite&quot;:&quot;true&quot;,&quot;center_mode&quot;:&quot;&quot;,&quot;effect&quot;:&quot;slide&quot;,&quot;speed&quot;:500,&quot;inject_alternative_items&quot;:&quot;&quot;,&quot;injection_items&quot;:[],&quot;scroll_slider_enabled&quot;:&quot;&quot;,&quot;scroll_slider_on&quot;:[&quot;desktop&quot;,&quot;tablet&quot;,&quot;mobile&quot;],&quot;custom_query&quot;:&quot;yes&quot;,&quot;custom_query_id&quot;:&quot;19&quot;,&quot;_element_id&quot;:&quot;&quot;,&quot;collapse_first_last_gap&quot;:false,&quot;list_tag_selection&quot;:&quot;&quot;,&quot;list_items_wrapper_tag&quot;:&quot;div&quot;,&quot;list_item_tag&quot;:&quot;div&quot;,&quot;empty_items_wrapper_tag&quot;:&quot;div&quot;}}\" data-page=\"1\" data-pages=\"1\" data-listing-source=\"query\" data-listing-id=\"621927\" data-query-id=\"19\"><div class=\"jet-listing-grid__item jet-listing-dynamic-post-32 jet-equal-columns\" data-post-id=\"32\"  ><style type=\"text\/css\">.jet-listing-dynamic-post-32 .elementor-element.elementor-element-bcd55f9:not(.elementor-motion-effects-element-type-background), .jet-listing-dynamic-post-32 .elementor-element.elementor-element-bcd55f9 > .elementor-motion-effects-container > .elementor-motion-effects-layer{background-image:url(\"https:\/\/sophiepeirano.com\/wp-content\/uploads\/2023\/09\/carlton-cannes-shutterstock_246287524.webp\");}<\/style><div class=\"jet-engine-listing-overlay-wrap\" data-url=\"https:\/\/sophiepeirano.com\/en\/city\/cannes\/\">\t\t<div data-elementor-type=\"jet-listing-items\" data-elementor-id=\"621927\" class=\"elementor elementor-621927\" data-elementor-post-type=\"jet-engine\">\n\t\t\t\t<div class=\"elementor-element elementor-element-bcd55f9 e-con-full e-flex e-con e-parent\" data-id=\"bcd55f9\" data-element_type=\"container\" data-settings=\"{&quot;background_background&quot;:&quot;classic&quot;}\">\n\t\t\t\t<div class=\"elementor-element elementor-element-5a2ffb0 elementor-widget elementor-widget-heading\" data-id=\"5a2ffb0\" data-element_type=\"widget\" data-widget_type=\"heading.default\">\n\t\t\t\t<div class=\"elementor-widget-container\">\n\t\t\t\t\t<div class=\"elementor-heading-title elementor-size-default\">Cannes<\/div>\t\t\t\t<\/div>\n\t\t\t\t<\/div>\n\t\t\t\t<\/div>\n\t\t\t\t<\/div>\n\t\t<a href=\"https:\/\/sophiepeirano.com\/en\/city\/cannes\/\" class=\"jet-engine-listing-overlay-link\"><\/a><\/div><\/div><div class=\"jet-listing-grid__item jet-listing-dynamic-post-84 jet-equal-columns\" data-post-id=\"84\"  ><style type=\"text\/css\">.jet-listing-dynamic-post-84 .elementor-element.elementor-element-bcd55f9:not(.elementor-motion-effects-element-type-background), .jet-listing-dynamic-post-84 .elementor-element.elementor-element-bcd55f9 > .elementor-motion-effects-container > .elementor-motion-effects-layer{background-image:url(\"https:\/\/sophiepeirano.com\/wp-content\/uploads\/2023\/09\/antibes-shutterstock_145421227.webp\");}<\/style><div class=\"jet-engine-listing-overlay-wrap\" data-url=\"https:\/\/sophiepeirano.com\/en\/city\/antibes-sophie-peirano-real-estate\/\">\t\t<div data-elementor-type=\"jet-listing-items\" data-elementor-id=\"621927\" class=\"elementor elementor-621927\" data-elementor-post-type=\"jet-engine\">\n\t\t\t\t<div class=\"elementor-element elementor-element-bcd55f9 e-con-full e-flex e-con e-parent\" data-id=\"bcd55f9\" data-element_type=\"container\" data-settings=\"{&quot;background_background&quot;:&quot;classic&quot;}\">\n\t\t\t\t<div class=\"elementor-element elementor-element-5a2ffb0 elementor-widget elementor-widget-heading\" data-id=\"5a2ffb0\" data-element_type=\"widget\" data-widget_type=\"heading.default\">\n\t\t\t\t<div class=\"elementor-widget-container\">\n\t\t\t\t\t<div class=\"elementor-heading-title elementor-size-default\">Antibes<\/div>\t\t\t\t<\/div>\n\t\t\t\t<\/div>\n\t\t\t\t<\/div>\n\t\t\t\t<\/div>\n\t\t<a href=\"https:\/\/sophiepeirano.com\/en\/city\/antibes-sophie-peirano-real-estate\/\" class=\"jet-engine-listing-overlay-link\"><\/a><\/div><\/div><div class=\"jet-listing-grid__item jet-listing-dynamic-post-97 jet-equal-columns\" data-post-id=\"97\"  ><style type=\"text\/css\">.jet-listing-dynamic-post-97 .elementor-element.elementor-element-bcd55f9:not(.elementor-motion-effects-element-type-background), .jet-listing-dynamic-post-97 .elementor-element.elementor-element-bcd55f9 > .elementor-motion-effects-container > .elementor-motion-effects-layer{background-image:url(\"https:\/\/sophiepeirano.com\/wp-content\/uploads\/2023\/09\/mougins-shutterstock_1100761559.webp\");}<\/style><div class=\"jet-engine-listing-overlay-wrap\" data-url=\"https:\/\/sophiepeirano.com\/en\/city\/mougins\/\">\t\t<div data-elementor-type=\"jet-listing-items\" data-elementor-id=\"621927\" class=\"elementor elementor-621927\" data-elementor-post-type=\"jet-engine\">\n\t\t\t\t<div class=\"elementor-element elementor-element-bcd55f9 e-con-full e-flex e-con e-parent\" data-id=\"bcd55f9\" data-element_type=\"container\" data-settings=\"{&quot;background_background&quot;:&quot;classic&quot;}\">\n\t\t\t\t<div class=\"elementor-element elementor-element-5a2ffb0 elementor-widget elementor-widget-heading\" data-id=\"5a2ffb0\" data-element_type=\"widget\" data-widget_type=\"heading.default\">\n\t\t\t\t<div class=\"elementor-widget-container\">\n\t\t\t\t\t<div class=\"elementor-heading-title elementor-size-default\">Mougins<\/div>\t\t\t\t<\/div>\n\t\t\t\t<\/div>\n\t\t\t\t<\/div>\n\t\t\t\t<\/div>\n\t\t<a href=\"https:\/\/sophiepeirano.com\/en\/city\/mougins\/\" class=\"jet-engine-listing-overlay-link\"><\/a><\/div><\/div><div class=\"jet-listing-grid__item jet-listing-dynamic-post-108 jet-equal-columns\" data-post-id=\"108\"  ><style type=\"text\/css\">.jet-listing-dynamic-post-108 .elementor-element.elementor-element-bcd55f9:not(.elementor-motion-effects-element-type-background), .jet-listing-dynamic-post-108 .elementor-element.elementor-element-bcd55f9 > .elementor-motion-effects-container > .elementor-motion-effects-layer{background-image:url(\"https:\/\/sophiepeirano.com\/wp-content\/uploads\/2023\/09\/cannes-le-cannet-shutterstock_1720899988.webp\");}<\/style><div class=\"jet-engine-listing-overlay-wrap\" data-url=\"https:\/\/sophiepeirano.com\/en\/city\/le-cannet\/\">\t\t<div data-elementor-type=\"jet-listing-items\" data-elementor-id=\"621927\" class=\"elementor elementor-621927\" data-elementor-post-type=\"jet-engine\">\n\t\t\t\t<div class=\"elementor-element elementor-element-bcd55f9 e-con-full e-flex e-con e-parent\" data-id=\"bcd55f9\" data-element_type=\"container\" data-settings=\"{&quot;background_background&quot;:&quot;classic&quot;}\">\n\t\t\t\t<div class=\"elementor-element elementor-element-5a2ffb0 elementor-widget elementor-widget-heading\" data-id=\"5a2ffb0\" data-element_type=\"widget\" data-widget_type=\"heading.default\">\n\t\t\t\t<div class=\"elementor-widget-container\">\n\t\t\t\t\t<div class=\"elementor-heading-title elementor-size-default\">Le Cannet<\/div>\t\t\t\t<\/div>\n\t\t\t\t<\/div>\n\t\t\t\t<\/div>\n\t\t\t\t<\/div>\n\t\t<a href=\"https:\/\/sophiepeirano.com\/en\/city\/le-cannet\/\" class=\"jet-engine-listing-overlay-link\"><\/a><\/div><\/div><\/div><\/div><\/div>\t\t\t\t<\/div>\n\t\t\t\t<\/div>\n\t\t\t\t<\/div>\n\t\t\t\t<\/div>","protected":false},"excerpt":{"rendered":"<p>Villes de la C\u00f4te d&rsquo;Azur LA FRENCH RIVIERA V\u00e9ritable joyau naturel, la French Riviera offre un cadre de vie idyllique, entre mer et montagne, elle est une des destinations les plus pris\u00e9es dans le monde. B\u00e9n\u00e9ficiant d\u2019un climat exceptionnel c\u2019est un \u00e9crin de raffinement et de s\u00e9r\u00e9nit\u00e9. Mondialement connu pour son Festival International du Film, [&hellip;]<\/p>","protected":false},"author":2,"featured_media":623617,"parent":0,"menu_order":0,"comment_status":"closed","ping_status":"closed","template":"","meta":{"footnotes":""},"folder":[],"class_list":["post-622244","page","type-page","status-publish","has-post-thumbnail","hentry"],"_links":{"self":[{"href":"https:\/\/sophiepeirano.com\/en\/wp-json\/wp\/v2\/pages\/622244","targetHints":{"allow":["GET"]}}],"collection":[{"href":"https:\/\/sophiepeirano.com\/en\/wp-json\/wp\/v2\/pages"}],"about":[{"href":"https:\/\/sophiepeirano.com\/en\/wp-json\/wp\/v2\/types\/page"}],"author":[{"embeddable":true,"href":"https:\/\/sophiepeirano.com\/en\/wp-json\/wp\/v2\/users\/2"}],"replies":[{"embeddable":true,"href":"https:\/\/sophiepeirano.com\/en\/wp-json\/wp\/v2\/comments?post=622244"}],"version-history":[{"count":2,"href":"https:\/\/sophiepeirano.com\/en\/wp-json\/wp\/v2\/pages\/622244\/revisions"}],"predecessor-version":[{"id":633641,"href":"https:\/\/sophiepeirano.com\/en\/wp-json\/wp\/v2\/pages\/622244\/revisions\/633641"}],"wp:featuredmedia":[{"embeddable":true,"href":"https:\/\/sophiepeirano.com\/en\/wp-json\/wp\/v2\/media\/623617"}],"wp:attachment":[{"href":"https:\/\/sophiepeirano.com\/en\/wp-json\/wp\/v2\/media?parent=622244"}],"wp:term":[{"taxonomy":"folder","embeddable":true,"href":"https:\/\/sophiepeirano.com\/en\/wp-json\/wp\/v2\/folder?post=622244"}],"curies":[{"name":"wp","href":"https:\/\/api.w.org\/{rel}","templated":true}]}}